{"id":59,"date":"2020-03-22T18:27:46","date_gmt":"2020-03-22T18:27:46","guid":{"rendered":"http:\/\/watbavaria.de\/?page_id=59"},"modified":"2024-03-29T09:16:49","modified_gmt":"2024-03-29T09:16:49","slug":"meditation","status":"publish","type":"page","link":"https:\/\/watbavaria.de\/?page_id=59","title":{"rendered":"Meditation"},"content":{"rendered":"\n<figure class=\"wp-block-image size-large is-style-default\"><img decoding=\"async\" src=\"http:\/\/watbavaria.de\/wp-content\/uploads\/2020\/03\/7-base-german-681x1024.png\" alt=\"\" class=\"wp-image-63\"\/><\/figure>\n\n\n\n<h2 class=\"wp-block-heading\"><strong>Dhammakaya Meditation<\/strong><\/h2>\n\n\n\n<p>Die Dhammakaya-Meditation ist eine Praxis, die in vielen Religionen und spirituellen Traditionen verankert ist. Es gibt viele verschiedene M\u00f6glichkeiten, Meditation zu praktizieren, aber sie alle streben dasselbe Ziel an: Innere Ruhe zu finden, den Strom der Gedanken und Gef\u00fchle abzuschalten und echte Gelassenheit, Ruhe und inneres Gl\u00fcck zu erreichen.<\/p>\n\n\n\n<p>In der Dhammakaya-Meditation konzentrieren wir uns auf eine helle Kugel in der Mitte unseres K\u00f6rpers. Durch diese Fokussierung kann der Geist zur Ruhe kommen und sich kl\u00e4ren. Das erm\u00f6glicht es uns, den Herausforderungen des Alltags konzentrierter, effektiver und gelassener zu begegnen. Diese Erfahrung ist schwer in Worte zu fassen \u2013 sie muss selbst erlebt werden.<\/p>\n\n\n\n<p>Wenn wir Ihr Interesse geweckt haben, laden wir Sie herzlich ein, unserer deutschsprachigen Meditationsgruppe beizutreten. Entdecken Sie die transformative Kraft der Dhammakaya-Meditation und finden Sie Ihren inneren Frieden.<\/p>\n","protected":false},"excerpt":{"rendered":"<p>Dhammakaya Meditation Die Dhammakaya-Meditation ist eine Praxis, die in vielen Religionen und spirituellen Traditionen verankert ist. Es gibt viele verschiedene M\u00f6glichkeiten, Meditation zu praktizieren, aber sie alle streben dasselbe Ziel an: Innere Ruhe zu finden, den Strom der Gedanken und Gef\u00fchle abzuschalten und echte Gelassenheit, Ruhe und inneres Gl\u00fcck zu erreichen. In der Dhammakaya-Meditation konzentrieren &hellip; <\/p>\n<p class=\"link-more\"><a href=\"https:\/\/watbavaria.de\/?page_id=59\" class=\"more-link\">Continue reading<span class=\"screen-reader-text\"> &#8220;Meditation&#8221;<\/span><\/a><\/p>\n","protected":false},"author":1,"featured_media":0,"parent":0,"menu_order":0,"comment_status":"closed","ping_status":"closed","template":"","meta":{"footnotes":""},"class_list":["post-59","page","type-page","status-publish","hentry"],"_links":{"self":[{"href":"https:\/\/watbavaria.de\/index.php?rest_route=\/wp\/v2\/pages\/59","targetHints":{"allow":["GET"]}}],"collection":[{"href":"https:\/\/watbavaria.de\/index.php?rest_route=\/wp\/v2\/pages"}],"about":[{"href":"https:\/\/watbavaria.de\/index.php?rest_route=\/wp\/v2\/types\/page"}],"author":[{"embeddable":true,"href":"https:\/\/watbavaria.de\/index.php?rest_route=\/wp\/v2\/users\/1"}],"replies":[{"embeddable":true,"href":"https:\/\/watbavaria.de\/index.php?rest_route=%2Fwp%2Fv2%2Fcomments&post=59"}],"version-history":[{"count":4,"href":"https:\/\/watbavaria.de\/index.php?rest_route=\/wp\/v2\/pages\/59\/revisions"}],"predecessor-version":[{"id":126,"href":"https:\/\/watbavaria.de\/index.php?rest_route=\/wp\/v2\/pages\/59\/revisions\/126"}],"wp:attachment":[{"href":"https:\/\/watbavaria.de\/index.php?rest_route=%2Fwp%2Fv2%2Fmedia&parent=59"}],"curies":[{"name":"wp","href":"https:\/\/api.w.org\/{rel}","templated":true}]}}