{"id":23,"date":"2020-03-15T18:03:12","date_gmt":"2020-03-15T18:03:12","guid":{"rendered":"http:\/\/watbavaria.de\/?page_id=23"},"modified":"2024-03-29T09:17:28","modified_gmt":"2024-03-29T09:17:28","slug":"impressum-kontakt","status":"publish","type":"page","link":"https:\/\/watbavaria.de\/?page_id=23","title":{"rendered":"Impressum \/ Kontakt"},"content":{"rendered":"\n<p>Herausgeber:<br>Dhammakaya international Deutschland e.V.<br>Heinkelstra\u00dfe 1<br>86343 K\u00f6nigsbrunn<br>Telefon: +49 (0) 8231 9574 530<br>E-Mail:&nbsp;<a href=\"mailto:info@watbavaria.de\">info@watbavaria.de<\/a><\/p>\n\n\n\n<p><strong>Gesch\u00e4ftsf\u00fchrung:<\/strong><br>Phra Somkait Pumarin<\/p>\n\n\n\n<p><strong>Registergericht:<\/strong><br>Amtsgericht Augsburg<br>Registernummer: HRB 24820<\/p>\n\n\n\n<p>Umsatzsteuer-Identifikationsnummer<br>gem\u00e4\u00df \u00a7 27 a Umsatzsteuergesetz:<br>DE 121684268<br><\/p>\n\n\n\n<p><strong>Verantwortlich f\u00fcr den Inhalt:<\/strong><br>Andr\u00e9 Fischer<\/p>\n\n\n\n<p><strong>Haftungshinweis:<\/strong><br>Die Inhalte externer Links werden von uns sorgf\u00e4ltig gepr\u00fcft. Wir \u00fcbernehmen dennoch keine Haftung f\u00fcr die Inhalte der mit oder von unserer Website verlinkten externen Seiten. F\u00fcr die Inhalte dieser Seiten sind ausschlie\u00dflich deren Anbieter oder Betreiber verantwortlich.<\/p>\n\n\n\n<p><strong>Copyright Hinweis:<\/strong><br>Die Inhalte der Internetseiten von Dhammakaya international Deutschland e.V. sind urheberrechtlich gesch\u00fctzt. Dies gilt f\u00fcr die audiovisuellen Elemente und Daten (wie Fotos, Grafiken, Logos, Musikdateien etc.) wie f\u00fcr alle Texte und sonstigen Daten. Soweit im Einzelfall nicht anders geregelt und soweit nicht fremde Rechte betroffen sind, ist im Fall der Verbreitung von Inhalten als Ganzes oder in Teilen davon in elektronischer und gedruckter Form erw\u00fcnscht, dass die Quelle (&#8220;WatBavaria&#8221;) und die entsprechende URL (z.B. <a href=\"http:\/\/www.watbavaria.de\">www.watbavaria.de<\/a>) genannt werden.<br>Ohne vorherige schriftliche Genehmigung durch Dhammakaya international Deutschland e.V. ist eine kommerzielle Verbreitung der Inhalte nicht erlaubt.<\/p>\n\n\n\n<p><strong>Datenschutzhinweise:<\/strong><\/p>\n\n\n\n<p>Unsere Datenschutz-Policy finden Sie hier: <a href=\"https:\/\/watbavaria.de\/wp-content\/uploads\/2022\/04\/Datenschutzregelungen-Wat-Bavaria.pdf\">Datenschutzregelungen-Wat-Bavaria.pdf<\/a><\/p>\n\n\n\n<p>DIDE beteiligt sich nicht am Verbraucherschlichtungsverfahren nach dem Verbraucherstreitbeilegungsgesetz.<\/p>\n\n\n\n<p>Online-Streitbeilegung gem\u00e4\u00df Art. 14 Abs. 1 Verordnung (EU) Nr. 524\/2013: Die Europ\u00e4ische Kommission stellt eine Plattform zur Online-Streitbeilegung (OS) bereit, die Sie hier finden k\u00f6nnen.<\/p>\n\n\n\n<p><br><\/p>\n","protected":false},"excerpt":{"rendered":"<p>Herausgeber:Dhammakaya international Deutschland e.V.Heinkelstra\u00dfe 186343 K\u00f6nigsbrunnTelefon: +49 (0) 8231 9574 530E-Mail:&nbsp;info@watbavaria.de Gesch\u00e4ftsf\u00fchrung:Phra Somkait Pumarin Registergericht:Amtsgericht AugsburgRegisternummer: HRB 24820 Umsatzsteuer-Identifikationsnummergem\u00e4\u00df \u00a7 27 a Umsatzsteuergesetz:DE 121684268 Verantwortlich f\u00fcr den Inhalt:Andr\u00e9 Fischer Haftungshinweis:Die Inhalte externer Links werden von uns sorgf\u00e4ltig gepr\u00fcft. Wir \u00fcbernehmen dennoch keine Haftung f\u00fcr die Inhalte der mit oder von unserer Website verlinkten externen Seiten. &hellip; <\/p>\n<p class=\"link-more\"><a href=\"https:\/\/watbavaria.de\/?page_id=23\" class=\"more-link\">Continue reading<span class=\"screen-reader-text\"> &#8220;Impressum \/ Kontakt&#8221;<\/span><\/a><\/p>\n","protected":false},"author":1,"featured_media":0,"parent":0,"menu_order":0,"comment_status":"closed","ping_status":"closed","template":"","meta":{"footnotes":""},"class_list":["post-23","page","type-page","status-publish","hentry"],"_links":{"self":[{"href":"https:\/\/watbavaria.de\/index.php?rest_route=\/wp\/v2\/pages\/23","targetHints":{"allow":["GET"]}}],"collection":[{"href":"https:\/\/watbavaria.de\/index.php?rest_route=\/wp\/v2\/pages"}],"about":[{"href":"https:\/\/watbavaria.de\/index.php?rest_route=\/wp\/v2\/types\/page"}],"author":[{"embeddable":true,"href":"https:\/\/watbavaria.de\/index.php?rest_route=\/wp\/v2\/users\/1"}],"replies":[{"embeddable":true,"href":"https:\/\/watbavaria.de\/index.php?rest_route=%2Fwp%2Fv2%2Fcomments&post=23"}],"version-history":[{"count":6,"href":"https:\/\/watbavaria.de\/index.php?rest_route=\/wp\/v2\/pages\/23\/revisions"}],"predecessor-version":[{"id":127,"href":"https:\/\/watbavaria.de\/index.php?rest_route=\/wp\/v2\/pages\/23\/revisions\/127"}],"wp:attachment":[{"href":"https:\/\/watbavaria.de\/index.php?rest_route=%2Fwp%2Fv2%2Fmedia&parent=23"}],"curies":[{"name":"wp","href":"https:\/\/api.w.org\/{rel}","templated":true}]}}