{"id":19,"date":"2020-03-15T18:09:33","date_gmt":"2020-03-15T18:09:33","guid":{"rendered":"http:\/\/watbavaria.de\/?page_id=19"},"modified":"2024-03-29T09:15:29","modified_gmt":"2024-03-29T09:15:29","slug":"ueber-uns","status":"publish","type":"page","link":"https:\/\/watbavaria.de\/?page_id=19","title":{"rendered":"\u00dcber uns"},"content":{"rendered":"\n<figure class=\"wp-block-image size-large\"><img decoding=\"async\" src=\"http:\/\/watbavaria.de\/wp-content\/uploads\/2020\/03\/5-1024x680.jpg\" alt=\"\" class=\"wp-image-52\"\/><\/figure>\n\n\n\n<h2 class=\"wp-block-heading\"><strong>Wer wir sind<\/strong><\/h2>\n\n\n\n<p>Der Wat Phra Dhammakaya Bavaria ist einer von sieben Tempeln in Deutschland und Teil der weltweit vertretenen Dhammakaya-Stiftung mit insgesamt 88 Tempeln. Unser Haupttempel befindet sich in der N\u00e4he von Bangkok. Als buddhistischer Tempel der Theravada-Richtung leben und praktizieren wir den Buddhismus hier ganz lebensnah. Da der Haupttempel in Bangkok liegt und die meisten Besucher Thai sind, f\u00fchlen wir uns den thail\u00e4ndischen buddhistischen Traditionen verpflichtet.<\/p>\n\n\n\n<h2 class=\"wp-block-heading\"><strong>Seit wann sind wir hier?<\/strong><\/h2>\n\n\n\n<p>Bereits 1998 wurde ein erstes Meditationszentrum in Augsburg gegr\u00fcndet. Aufgrund des stetigen Wachstums der Interessengemeinschaft und der zunehmenden Anzahl von Menschen mit buddhistischer Ausrichtung wurden die vorhandenen R\u00e4umlichkeiten jedoch bald zu klein. Daher wurde im Jahr 2008 das heutige Zentrum eingeweiht.<\/p>\n\n\n\n<h2 class=\"wp-block-heading\"><strong>Warum sind wir hier?<\/strong><\/h2>\n\n\n\n<p>In verschiedenen St\u00e4dten Deutschlands gibt es bedeutende Gruppen von thail\u00e4ndischen B\u00fcrgern und Menschen, die an Meditation interessiert sind\u2026.<\/p>\n\n\n\n<h2 class=\"wp-block-heading\"><strong>F\u00fcr wen sind wir hier?<\/strong><\/h2>\n\n\n\n<p>Wir teilen unsere Art zu denken und zu leben mit jedem Menschen, der offen f\u00fcr uns ist. Jeder ist willkommen, unabh\u00e4ngig von Hautfarbe, Religion oder spiritueller Ausrichtung.<\/p>\n\n\n\n<h2 class=\"wp-block-heading\"><strong>Was tun wir hier?<\/strong><\/h2>\n\n\n\n<div class=\"wp-block-group\"><div class=\"wp-block-group__inner-container is-layout-flow wp-block-group-is-layout-flow\">\n<p><strong>Meditationen<\/strong><\/p>\n\n\n\n<p>Die Meditation ist ein wichtiger Bestandteil unserer spirituellen buddhistischen Praxis. Unser Tempel bietet regelm\u00e4\u00dfige Meditationskurse und Retreats an. Weitere Informationen finden Sie in unserem Veranstaltungs- oder Nachrichtenbereich.<\/p>\n<\/div><\/div>\n\n\n\n<p><strong>Austausch und Treffpunkt<\/strong><\/p>\n\n\n\n<p>Nach der Meditation hat jeder die M\u00f6glichkeit, seine Erfahrungen mit anderen zu teilen und eventuell erlebte Situationen besser einzuordnen. Der Tempel steht jedem offen, der Meditation lernen und Freude sowie Leid teilen m\u00f6chte.<\/p>\n\n\n\n<p><strong>Lehrseminare und Tempelbesuch<\/strong><\/p>\n\n\n\n<p>Wir bieten auf Anfrage Schnupperkurse in Meditation sowie Seminare \u00fcber Buddhismus und Meditation f\u00fcr Schulen und andere Bildungseinrichtungen an. Tempelbesuche f\u00fcr Schulunterricht oder interreligi\u00f6ses Lernen sind nach Vereinbarung ebenfalls m\u00f6glich.<\/p>\n\n\n\n<p><strong>Kultur<\/strong><\/p>\n\n\n\n<p>Basierend auf den thail\u00e4ndisch-buddhistischen Traditionen k\u00f6nnen Sie hier ein St\u00fcck Thailand erleben, ohne weit reisen zu m\u00fcssen. Die typisch thail\u00e4ndischen buddhistischen Feste werden regelm\u00e4\u00dfig gefeiert. Lassen Sie sich darauf ein, die Vielfalt der thail\u00e4ndischen Kultur zu entdecken.<\/p>\n","protected":false},"excerpt":{"rendered":"<p>Wer wir sind Der Wat Phra Dhammakaya Bavaria ist einer von sieben Tempeln in Deutschland und Teil der weltweit vertretenen Dhammakaya-Stiftung mit insgesamt 88 Tempeln. Unser Haupttempel befindet sich in der N\u00e4he von Bangkok. Als buddhistischer Tempel der Theravada-Richtung leben und praktizieren wir den Buddhismus hier ganz lebensnah. Da der Haupttempel in Bangkok liegt und &hellip; <\/p>\n<p class=\"link-more\"><a href=\"https:\/\/watbavaria.de\/?page_id=19\" class=\"more-link\">Continue reading<span class=\"screen-reader-text\"> &#8220;\u00dcber uns&#8221;<\/span><\/a><\/p>\n","protected":false},"author":1,"featured_media":0,"parent":0,"menu_order":0,"comment_status":"closed","ping_status":"closed","template":"","meta":{"footnotes":""},"class_list":["post-19","page","type-page","status-publish","hentry"],"_links":{"self":[{"href":"https:\/\/watbavaria.de\/index.php?rest_route=\/wp\/v2\/pages\/19","targetHints":{"allow":["GET"]}}],"collection":[{"href":"https:\/\/watbavaria.de\/index.php?rest_route=\/wp\/v2\/pages"}],"about":[{"href":"https:\/\/watbavaria.de\/index.php?rest_route=\/wp\/v2\/types\/page"}],"author":[{"embeddable":true,"href":"https:\/\/watbavaria.de\/index.php?rest_route=\/wp\/v2\/users\/1"}],"replies":[{"embeddable":true,"href":"https:\/\/watbavaria.de\/index.php?rest_route=%2Fwp%2Fv2%2Fcomments&post=19"}],"version-history":[{"count":6,"href":"https:\/\/watbavaria.de\/index.php?rest_route=\/wp\/v2\/pages\/19\/revisions"}],"predecessor-version":[{"id":143,"href":"https:\/\/watbavaria.de\/index.php?rest_route=\/wp\/v2\/pages\/19\/revisions\/143"}],"wp:attachment":[{"href":"https:\/\/watbavaria.de\/index.php?rest_route=%2Fwp%2Fv2%2Fmedia&parent=19"}],"curies":[{"name":"wp","href":"https:\/\/api.w.org\/{rel}","templated":true}]}}